{"id":7,"date":"2025-10-28T12:49:30","date_gmt":"2025-10-28T12:49:30","guid":{"rendered":"https:\/\/digitcrew.hu\/?page_id=7"},"modified":"2025-10-29T18:55:02","modified_gmt":"2025-10-29T18:55:02","slug":"fooldal","status":"publish","type":"page","link":"https:\/\/digitcrew.hu\/","title":{"rendered":"F\u0151oldal"},"content":{"rendered":"\n<!DOCTYPE html>\n<html lang=\"hu\">\n<head>\n    <meta charset=\"UTF-8\">\n    <meta name=\"viewport\" content=\"width=device-width, initial-scale=1.0\">\n    <meta name=\"description\" content=\"DigitCrew Kft. - Digit\u00e1lis automatiz\u00e1ci\u00f3s megold\u00e1sok kis- \u00e9s k\u00f6z\u00e9pv\u00e1llalkoz\u00e1sok sz\u00e1m\u00e1ra. Hamarosan!\">\n    <meta name=\"keywords\" content=\"digit\u00e1lis automatiz\u00e1ci\u00f3, AI megold\u00e1sok, \u00fczleti folyamatok, KKV\">\n    <title>DigitCrew Kft. &#8211; Hamarosan<\/title>\n    \n    <style>\n        * {\n            margin: 0;\n            padding: 0;\n            box-sizing: border-box;\n        }\n        \n        body {\n            font-family: -apple-system, BlinkMacSystemFont, 'Segoe UI', Roboto, 'Helvetica Neue', Arial, sans-serif;\n            background: linear-gradient(135deg, #667eea 0%, #764ba2 100%);\n            min-height: 100vh;\n            display: flex;\n            align-items: center;\n            justify-content: center;\n            color: #1e293b;\n        }\n        \n        .container {\n            text-align: center;\n            padding: 40px 20px;\n            max-width: 800px;\n            width: 100%;\n        }\n        \n        .logo-container {\n            background: white;\n            padding: 60px 40px;\n            border-radius: 20px;\n            box-shadow: 0 20px 60px rgba(0, 0, 0, 0.3);\n            animation: fadeInUp 0.8s ease-out;\n        }\n        \n        @keyframes fadeInUp {\n            from {\n                opacity: 0;\n                transform: translateY(30px);\n            }\n            to {\n                opacity: 1;\n                transform: translateY(0);\n            }\n        }\n        \n        \/* Logo *\/\n        .logo {\n            width: 100px;\n            height: 100px;\n            height: auto;\n            margin: 0 auto 30px;\n            display: block;\n        }\n        \n        h1 {\n            font-size: 2.5rem;\n            font-weight: 800;\n            color: #1e293b;\n            margin-bottom: 20px;\n            letter-spacing: -0.5px;\n        }\n        \n        .subtitle {\n            font-size: 1.25rem;\n            color: #64748b;\n            margin-bottom: 30px;\n            font-weight: 400;\n        }\n        \n        .tagline {\n            font-size: 1.1rem;\n            color: #2563eb;\n            font-weight: 600;\n            margin-bottom: 40px;\n            padding: 15px 30px;\n            background: #eff6ff;\n            border-radius: 50px;\n            display: inline-block;\n        }\n        \n        .cta-section {\n            margin-top: 40px;\n            padding-top: 40px;\n            border-top: 1px solid #e2e8f0;\n        }\n        \n        .cta-text {\n            font-size: 1rem;\n            color: #64748b;\n            margin-bottom: 20px;\n        }\n        \n        .cta-button {\n            display: inline-block;\n            padding: 15px 40px;\n            background: #2563eb;\n            color: white;\n            text-decoration: none;\n            border-radius: 10px;\n            font-weight: 600;\n            font-size: 1.1rem;\n            transition: all 0.3s ease;\n            box-shadow: 0 4px 14px rgba(37, 99, 235, 0.4);\n        }\n        \n        .cta-button:hover {\n            background: #1e40af;\n            transform: translateY(-2px);\n            box-shadow: 0 6px 20px rgba(37, 99, 235, 0.5);\n        }\n        \n        .footer {\n            margin-top: 40px;\n            padding-top: 30px;\n            border-top: 1px solid #e2e8f0;\n            font-size: 0.9rem;\n            color: #94a3b8;\n        }\n        \n        .footer a {\n            color: #2563eb;\n            text-decoration: none;\n        }\n        \n        .footer a:hover {\n            text-decoration: underline;\n        }\n        \n        \/* Responsive *\/\n        @media (max-width: 768px) {\n            h1 {\n                font-size: 2rem;\n            }\n            \n            .subtitle {\n                font-size: 1rem;\n            }\n            \n            .tagline {\n                font-size: 0.95rem;\n                padding: 12px 24px;\n            }\n            \n            .logo-container {\n                padding: 40px 20px;\n            }\n        }\n        \n        \/* Loading dots animation *\/\n        .loading-dots {\n            display: inline-block;\n            margin-left: 5px;\n        }\n        \n        .loading-dots span {\n            animation: blink 1.4s infinite both;\n            margin: 0 2px;\n        }\n        \n        .loading-dots span:nth-child(2) {\n            animation-delay: 0.2s;\n        }\n        \n        .loading-dots span:nth-child(3) {\n            animation-delay: 0.4s;\n        }\n        \n        @keyframes blink {\n            0%, 80%, 100% {\n                opacity: 0;\n            }\n            40% {\n                opacity: 1;\n            }\n        }\n    <\/style>\n<\/head>\n<body>\n    <div class=\"container\">\n        <div class=\"logo-container\">\n            <!-- DigitCrew Logo -->\n            <img decoding=\"async\" src=\"https:\/\/digitcrew.hu\/wp-content\/uploads\/2025\/10\/DigitCre-Logo.png\" alt=\"DigitCrew Kft. Logo\" class=\"logo\">\n            \n            <h1>Hamarosan j\u00f6v\u00fcnk<span class=\"loading-dots\"><span>.<\/span><span>.<\/span><span>.<\/span><\/span><\/h1>\n            \n            <p class=\"subtitle\">\n                \u00c9ppen dolgozunk valami nagyszer\u0171n! \ud83d\ude80\n            <\/p>\n            \n            <div class=\"tagline\">\n                Digit\u00e1lis automatiz\u00e1ci\u00f3 \u2022 AI megold\u00e1sok \u2022 \u00dczleti folyamatok\n            <\/div>\n            \n            <div class=\"cta-section\">\n                <p class=\"cta-text\">\n                    <strong>K\u00edv\u00e1ncsi vagy a megold\u00e1sainkra?<\/strong><br>\n                    L\u00e1togass el els\u0151 term\u00e9k\u00fcnkh\u00f6z:\n                <\/p>\n                \n                <a href=\"https:\/\/am-iroda.hu\" class=\"cta-button\" target=\"_blank\">\n                    \ud83d\udc49 AM-iroda &#8211; 12 Digit\u00e1lis Koll\u00e9ga\n                <\/a>\n            <\/div>\n            \n            <div class=\"footer\">\n                <p>\n                    <strong>DigitCrew Korl\u00e1tolt Felel\u0151ss\u00e9g\u0171 T\u00e1rsas\u00e1g<\/strong><br>\n                    Digit\u00e1lis automatiz\u00e1ci\u00f3s megold\u00e1sok KKV-k sz\u00e1m\u00e1ra\n                <\/p>\n                <p style=\"margin-top: 15px;\">\n                    \ud83d\udce7 <a href=\"mailto:info@digitcrew.hu\">info@digitcrew.hu<\/a>\n                <\/p>\n                <p style=\"margin-top: 20px; font-size: 0.85rem;\">\n                    \u00a9 2025 DigitCrew Kft. Minden jog fenntartva.\n                <\/p>\n            <\/div>\n        <\/div>\n    <\/div>\n<\/body>\n<\/html>\n","protected":false},"excerpt":{"rendered":"<p>DigitCrew Kft. &#8211; Hamarosan Hamarosan j\u00f6v\u00fcnk&#8230; \u00c9ppen dolgozunk valami nagyszer\u0171n! \ud83d\ude80 Digit\u00e1lis automatiz\u00e1ci\u00f3 \u2022 AI megold\u00e1sok \u2022 \u00dczleti folyamatok K\u00edv\u00e1ncsi vagy a megold\u00e1sainkra? L\u00e1togass el els\u0151 term\u00e9k\u00fcnkh\u00f6z: \ud83d\udc49 AM-iroda &#8211; 12 Digit\u00e1lis Koll\u00e9ga DigitCrew Korl\u00e1tolt Felel\u0151ss\u00e9g\u0171 T\u00e1rsas\u00e1g Digit\u00e1lis automatiz\u00e1ci\u00f3s megold\u00e1sok KKV-k sz\u00e1m\u00e1ra \ud83d\udce7 info@digitcrew.hu \u00a9 2025 DigitCrew Kft. Minden jog fenntartva.<\/p>\n","protected":false},"author":1,"featured_media":0,"parent":0,"menu_order":0,"comment_status":"closed","ping_status":"closed","template":"","meta":{"footnotes":""},"class_list":["post-7","page","type-page","status-publish","hentry"],"yoast_head":"<!-- This site is optimized with the Yoast SEO plugin v26.2 - https:\/\/yoast.com\/wordpress\/plugins\/seo\/ -->\n<title>F\u0151oldal - DigitCrew<\/title>\n<meta name=\"robots\" content=\"index, follow, max-snippet:-1, max-image-preview:large, max-video-preview:-1\" \/>\n<link rel=\"canonical\" href=\"https:\/\/digitcrew.hu\/\" \/>\n<meta property=\"og:locale\" content=\"hu_HU\" \/>\n<meta property=\"og:type\" content=\"article\" \/>\n<meta property=\"og:title\" content=\"F\u0151oldal - DigitCrew\" \/>\n<meta property=\"og:description\" content=\"DigitCrew Kft. &#8211; Hamarosan Hamarosan j\u00f6v\u00fcnk... \u00c9ppen dolgozunk valami nagyszer\u0171n! \ud83d\ude80 Digit\u00e1lis automatiz\u00e1ci\u00f3 \u2022 AI megold\u00e1sok \u2022 \u00dczleti folyamatok K\u00edv\u00e1ncsi vagy a megold\u00e1sainkra? L\u00e1togass el els\u0151 term\u00e9k\u00fcnkh\u00f6z: \ud83d\udc49 AM-iroda &#8211; 12 Digit\u00e1lis Koll\u00e9ga DigitCrew Korl\u00e1tolt Felel\u0151ss\u00e9g\u0171 T\u00e1rsas\u00e1g Digit\u00e1lis automatiz\u00e1ci\u00f3s megold\u00e1sok KKV-k sz\u00e1m\u00e1ra \ud83d\udce7 info@digitcrew.hu \u00a9 2025 DigitCrew Kft. Minden jog fenntartva.\" \/>\n<meta property=\"og:url\" content=\"https:\/\/digitcrew.hu\/\" \/>\n<meta property=\"og:site_name\" content=\"DigitCrew\" \/>\n<meta property=\"article:modified_time\" content=\"2025-10-29T18:55:02+00:00\" \/>\n<meta property=\"og:image\" content=\"https:\/\/digitcrew.hu\/wp-content\/uploads\/2025\/10\/DigitCre-Logo.png\" \/>\n<meta name=\"twitter:card\" content=\"summary_large_image\" \/>\n<meta name=\"twitter:label1\" content=\"Becs\u00fclt olvas\u00e1si id\u0151\" \/>\n\t<meta name=\"twitter:data1\" content=\"1 perc\" \/>\n<script type=\"application\/ld+json\" class=\"yoast-schema-graph\">{\"@context\":\"https:\/\/schema.org\",\"@graph\":[{\"@type\":\"WebPage\",\"@id\":\"https:\/\/digitcrew.hu\/\",\"url\":\"https:\/\/digitcrew.hu\/\",\"name\":\"F\u0151oldal - DigitCrew\",\"isPartOf\":{\"@id\":\"https:\/\/digitcrew.hu\/#website\"},\"primaryImageOfPage\":{\"@id\":\"https:\/\/digitcrew.hu\/#primaryimage\"},\"image\":{\"@id\":\"https:\/\/digitcrew.hu\/#primaryimage\"},\"thumbnailUrl\":\"https:\/\/digitcrew.hu\/wp-content\/uploads\/2025\/10\/DigitCre-Logo.png\",\"datePublished\":\"2025-10-28T12:49:30+00:00\",\"dateModified\":\"2025-10-29T18:55:02+00:00\",\"breadcrumb\":{\"@id\":\"https:\/\/digitcrew.hu\/#breadcrumb\"},\"inLanguage\":\"hu\",\"potentialAction\":[{\"@type\":\"ReadAction\",\"target\":[\"https:\/\/digitcrew.hu\/\"]}]},{\"@type\":\"ImageObject\",\"inLanguage\":\"hu\",\"@id\":\"https:\/\/digitcrew.hu\/#primaryimage\",\"url\":\"https:\/\/digitcrew.hu\/wp-content\/uploads\/2025\/10\/DigitCre-Logo.png\",\"contentUrl\":\"https:\/\/digitcrew.hu\/wp-content\/uploads\/2025\/10\/DigitCre-Logo.png\",\"width\":500,\"height\":500},{\"@type\":\"BreadcrumbList\",\"@id\":\"https:\/\/digitcrew.hu\/#breadcrumb\",\"itemListElement\":[{\"@type\":\"ListItem\",\"position\":1,\"name\":\"Kezd\u0151lap\",\"item\":\"https:\/\/digitcrew.hu\/\"},{\"@type\":\"ListItem\",\"position\":2,\"name\":\"F\u0151oldal\"}]},{\"@type\":\"WebSite\",\"@id\":\"https:\/\/digitcrew.hu\/#website\",\"url\":\"https:\/\/digitcrew.hu\/\",\"name\":\"DigitCrew\",\"description\":\"\",\"potentialAction\":[{\"@type\":\"SearchAction\",\"target\":{\"@type\":\"EntryPoint\",\"urlTemplate\":\"https:\/\/digitcrew.hu\/?s={search_term_string}\"},\"query-input\":{\"@type\":\"PropertyValueSpecification\",\"valueRequired\":true,\"valueName\":\"search_term_string\"}}],\"inLanguage\":\"hu\"}]}<\/script>\n<!-- \/ Yoast SEO plugin. -->","yoast_head_json":{"title":"F\u0151oldal - DigitCrew","robots":{"index":"index","follow":"follow","max-snippet":"max-snippet:-1","max-image-preview":"max-image-preview:large","max-video-preview":"max-video-preview:-1"},"canonical":"https:\/\/digitcrew.hu\/","og_locale":"hu_HU","og_type":"article","og_title":"F\u0151oldal - DigitCrew","og_description":"DigitCrew Kft. &#8211; Hamarosan Hamarosan j\u00f6v\u00fcnk... \u00c9ppen dolgozunk valami nagyszer\u0171n! \ud83d\ude80 Digit\u00e1lis automatiz\u00e1ci\u00f3 \u2022 AI megold\u00e1sok \u2022 \u00dczleti folyamatok K\u00edv\u00e1ncsi vagy a megold\u00e1sainkra? L\u00e1togass el els\u0151 term\u00e9k\u00fcnkh\u00f6z: \ud83d\udc49 AM-iroda &#8211; 12 Digit\u00e1lis Koll\u00e9ga DigitCrew Korl\u00e1tolt Felel\u0151ss\u00e9g\u0171 T\u00e1rsas\u00e1g Digit\u00e1lis automatiz\u00e1ci\u00f3s megold\u00e1sok KKV-k sz\u00e1m\u00e1ra \ud83d\udce7 info@digitcrew.hu \u00a9 2025 DigitCrew Kft. Minden jog fenntartva.","og_url":"https:\/\/digitcrew.hu\/","og_site_name":"DigitCrew","article_modified_time":"2025-10-29T18:55:02+00:00","og_image":[{"url":"https:\/\/digitcrew.hu\/wp-content\/uploads\/2025\/10\/DigitCre-Logo.png","type":"","width":"","height":""}],"twitter_card":"summary_large_image","twitter_misc":{"Becs\u00fclt olvas\u00e1si id\u0151":"1 perc"},"schema":{"@context":"https:\/\/schema.org","@graph":[{"@type":"WebPage","@id":"https:\/\/digitcrew.hu\/","url":"https:\/\/digitcrew.hu\/","name":"F\u0151oldal - DigitCrew","isPartOf":{"@id":"https:\/\/digitcrew.hu\/#website"},"primaryImageOfPage":{"@id":"https:\/\/digitcrew.hu\/#primaryimage"},"image":{"@id":"https:\/\/digitcrew.hu\/#primaryimage"},"thumbnailUrl":"https:\/\/digitcrew.hu\/wp-content\/uploads\/2025\/10\/DigitCre-Logo.png","datePublished":"2025-10-28T12:49:30+00:00","dateModified":"2025-10-29T18:55:02+00:00","breadcrumb":{"@id":"https:\/\/digitcrew.hu\/#breadcrumb"},"inLanguage":"hu","potentialAction":[{"@type":"ReadAction","target":["https:\/\/digitcrew.hu\/"]}]},{"@type":"ImageObject","inLanguage":"hu","@id":"https:\/\/digitcrew.hu\/#primaryimage","url":"https:\/\/digitcrew.hu\/wp-content\/uploads\/2025\/10\/DigitCre-Logo.png","contentUrl":"https:\/\/digitcrew.hu\/wp-content\/uploads\/2025\/10\/DigitCre-Logo.png","width":500,"height":500},{"@type":"BreadcrumbList","@id":"https:\/\/digitcrew.hu\/#breadcrumb","itemListElement":[{"@type":"ListItem","position":1,"name":"Kezd\u0151lap","item":"https:\/\/digitcrew.hu\/"},{"@type":"ListItem","position":2,"name":"F\u0151oldal"}]},{"@type":"WebSite","@id":"https:\/\/digitcrew.hu\/#website","url":"https:\/\/digitcrew.hu\/","name":"DigitCrew","description":"","potentialAction":[{"@type":"SearchAction","target":{"@type":"EntryPoint","urlTemplate":"https:\/\/digitcrew.hu\/?s={search_term_string}"},"query-input":{"@type":"PropertyValueSpecification","valueRequired":true,"valueName":"search_term_string"}}],"inLanguage":"hu"}]}},"_links":{"self":[{"href":"https:\/\/digitcrew.hu\/index.php?rest_route=\/wp\/v2\/pages\/7","targetHints":{"allow":["GET"]}}],"collection":[{"href":"https:\/\/digitcrew.hu\/index.php?rest_route=\/wp\/v2\/pages"}],"about":[{"href":"https:\/\/digitcrew.hu\/index.php?rest_route=\/wp\/v2\/types\/page"}],"author":[{"embeddable":true,"href":"https:\/\/digitcrew.hu\/index.php?rest_route=\/wp\/v2\/users\/1"}],"replies":[{"embeddable":true,"href":"https:\/\/digitcrew.hu\/index.php?rest_route=%2Fwp%2Fv2%2Fcomments&post=7"}],"version-history":[{"count":5,"href":"https:\/\/digitcrew.hu\/index.php?rest_route=\/wp\/v2\/pages\/7\/revisions"}],"predecessor-version":[{"id":20,"href":"https:\/\/digitcrew.hu\/index.php?rest_route=\/wp\/v2\/pages\/7\/revisions\/20"}],"wp:attachment":[{"href":"https:\/\/digitcrew.hu\/index.php?rest_route=%2Fwp%2Fv2%2Fmedia&parent=7"}],"curies":[{"name":"wp","href":"https:\/\/api.w.org\/{rel}","templated":true}]}}